{"id":106,"date":"2026-04-06T01:19:53","date_gmt":"2026-04-06T01:19:53","guid":{"rendered":"https:\/\/www.poscosechacacao.com\/?page_id=106"},"modified":"2026-04-06T03:50:56","modified_gmt":"2026-04-06T03:50:56","slug":"jairo-rafael-nogales","status":"publish","type":"page","link":"https:\/\/www.poscosechacacao.com\/index.php\/jairo-rafael-nogales\/","title":{"rendered":"Autor"},"content":{"rendered":"<div class=\"wp-block-image\">\n<figure class=\"aligncenter size-large is-resized\"><img loading=\"lazy\" decoding=\"async\" width=\"2560\" height=\"1440\" src=\"https:\/\/www.poscosechacacao.com\/wp-content\/uploads\/2026\/04\/IMG_20260320_093044_440-edited-scaled.jpg\" alt=\"\" class=\"wp-image-151\" style=\"width:861px;height:auto\" srcset=\"https:\/\/www.poscosechacacao.com\/wp-content\/uploads\/2026\/04\/IMG_20260320_093044_440-edited-scaled.jpg 2560w, https:\/\/www.poscosechacacao.com\/wp-content\/uploads\/2026\/04\/IMG_20260320_093044_440-edited-300x169.jpg 300w, https:\/\/www.poscosechacacao.com\/wp-content\/uploads\/2026\/04\/IMG_20260320_093044_440-edited-1024x576.jpg 1024w, https:\/\/www.poscosechacacao.com\/wp-content\/uploads\/2026\/04\/IMG_20260320_093044_440-edited-768x432.jpg 768w, https:\/\/www.poscosechacacao.com\/wp-content\/uploads\/2026\/04\/IMG_20260320_093044_440-edited-1536x864.jpg 1536w, https:\/\/www.poscosechacacao.com\/wp-content\/uploads\/2026\/04\/IMG_20260320_093044_440-edited-2048x1152.jpg 2048w\" sizes=\"auto, (max-width: 2560px) 100vw, 2560px\" \/><\/figure>\n<\/div>\n\n\n<p>Soy Jairo Rafael Nogales, oriundo de la ciudad de Maracay en Venezuela. Obtuve el T\u00edtulo de Ingeniero Agr\u00f3nomo, en la&nbsp; Universidad Central de Venezuela en el a\u00f1o 2000.<\/p>\n\n\n\n<p>En el a\u00f1o 2002-2005 trabaje en la coordinaci\u00f3n del Central de Beneficio de Ocumare de la Costa, localidad costera del centro del pa\u00eds, y como apoyo a la gesti\u00f3n t\u00e9cnica, operativa y estrat\u00e9gica del Proyecto: Pittier Parque, Hombre y Cacao, donde se logr\u00f3 con la Uni\u00f3n de Productores Org\u00e1nicos de Ocumare de la Costa (UPOOC) la primera certificaci\u00f3n org\u00e1nica otorgada a un cacao venezolano en el a\u00f1o 2006 y desde ese a\u00f1o a 2007 en el&nbsp; control de los perforadores del tronco y los frutos del cacao en el municipio Ocumare de la Costa de Oro y Santiago Mari\u00f1o, Estado Aragua, Venezuela\u201d.<\/p>\n\n\n\n<p>Desde 2007 a la fecha soy Personal de Investigaci\u00f3n en el Instituto Nacional de Investigaciones Agropecuarias (INIA), ente adscrito al Ministerio de Agricultura Productiva y Tierras de Venezuela.&nbsp;He participado en varios proyectos de investigaci\u00f3n en el \u00e1rea de poscosecha de cacao&nbsp;con el fin de evaluar, dise\u00f1ar, implementar y socializar a los productores cacaoteros de un modelo de tecnolog\u00eda de procesamiento pre y poscosecha para el rescate, conservaci\u00f3n y mejora de los atributos de calidad chocolatera del cacao fino o de aroma venezolano.<\/p>\n\n\n\n<p>Este Blog tiene por objetivo compartir conocimientos, impresiones, iniciativas y experiencias entre productores, t\u00e9cnicos, investigadores, procesadores y comercializadores del cacao fermentado y seco, como tambi\u00e9n todo aquel interesado en el fascinante mundo del cacao y el chocolate.&nbsp;Los art\u00edculos forman parte de recopilaci\u00f3n documental &nbsp;acerca del tema cacao o son parte de experiencias propias y la&nbsp; participaci\u00f3n en proyectos socioproductivos o de investigaci\u00f3n,&nbsp;as\u00ed&nbsp;como de aportes de colegas y amigos.<\/p>\n\n\n\n<p>Puedes <a href=\"https:\/\/www.poscosechacacao.com\/index.php\/contacto\/\" data-type=\"page\" data-id=\"132\">contactarme<\/a> a trav\u00e9s de mis redes sociales y no te olvides de compartir mi contenido.<\/p>\n\n\n\n<p><br>.<\/p>\n","protected":false},"excerpt":{"rendered":"<p>Soy Jairo Rafael Nogales, oriundo de la ciudad de Maracay en Venezuela. Obtuve el T\u00edtulo de Ingeniero Agr\u00f3nomo, en la&nbsp;<\/p>\n","protected":false},"author":1,"featured_media":0,"parent":0,"menu_order":0,"comment_status":"closed","ping_status":"closed","template":"","meta":{"footnotes":""},"class_list":["post-106","page","type-page","status-publish","hentry"],"_links":{"self":[{"href":"https:\/\/www.poscosechacacao.com\/index.php\/wp-json\/wp\/v2\/pages\/106","targetHints":{"allow":["GET"]}}],"collection":[{"href":"https:\/\/www.poscosechacacao.com\/index.php\/wp-json\/wp\/v2\/pages"}],"about":[{"href":"https:\/\/www.poscosechacacao.com\/index.php\/wp-json\/wp\/v2\/types\/page"}],"author":[{"embeddable":true,"href":"https:\/\/www.poscosechacacao.com\/index.php\/wp-json\/wp\/v2\/users\/1"}],"replies":[{"embeddable":true,"href":"https:\/\/www.poscosechacacao.com\/index.php\/wp-json\/wp\/v2\/comments?post=106"}],"version-history":[{"count":4,"href":"https:\/\/www.poscosechacacao.com\/index.php\/wp-json\/wp\/v2\/pages\/106\/revisions"}],"predecessor-version":[{"id":153,"href":"https:\/\/www.poscosechacacao.com\/index.php\/wp-json\/wp\/v2\/pages\/106\/revisions\/153"}],"wp:attachment":[{"href":"https:\/\/www.poscosechacacao.com\/index.php\/wp-json\/wp\/v2\/media?parent=106"}],"curies":[{"name":"wp","href":"https:\/\/api.w.org\/{rel}","templated":true}]}}